{"id":5,"date":"2019-03-04T21:20:51","date_gmt":"2019-03-04T21:20:51","guid":{"rendered":"https:\/\/autoestimafacil.com\/?page_id=5"},"modified":"2020-01-23T22:35:18","modified_gmt":"2020-01-23T22:35:18","slug":"carrito","status":"publish","type":"page","link":"https:\/\/autoestimafacil.com\/?page_id=5","title":{"rendered":"Videos para ti"},"content":{"rendered":"\t\t<div data-elementor-type=\"wp-post\" data-elementor-id=\"5\" class=\"elementor elementor-5\">\n\t\t\t\t\t\t<section class=\"elementor-section elementor-top-section elementor-element elementor-element-6ed3c46d elementor-section-boxed elementor-section-height-default elementor-section-height-default\" data-id=\"6ed3c46d\" data-element_type=\"section\" data-e-type=\"section\">\n\t\t\t\t\t\t<div class=\"elementor-container elementor-column-gap-default\">\n\t\t\t\t\t<div class=\"elementor-column elementor-col-100 elementor-top-column elementor-element elementor-element-6d1ca0e5\" data-id=\"6d1ca0e5\" data-element_type=\"column\" data-e-type=\"column\">\n\t\t\t<div class=\"elementor-widget-wrap elementor-element-populated\">\n\t\t\t\t\t\t<div class=\"elementor-element elementor-element-7ea8c0a8 elementor-widget elementor-widget-text-editor\" data-id=\"7ea8c0a8\" data-element_type=\"widget\" data-e-type=\"widget\" data-widget_type=\"text-editor.default\">\n\t\t\t\t<div class=\"elementor-widget-container\">\n\t\t\t\t\t\t\t\t\t\n<p>Contenidos para aportar m\u00e1s valor a tu vida<\/p>\n\t\t\t\t\t\t\t\t<\/div>\n\t\t\t\t<\/div>\n\t\t\t\t\t<\/div>\n\t\t<\/div>\n\t\t\t\t\t<\/div>\n\t\t<\/section>\n\t\t\t\t<section class=\"elementor-section elementor-top-section elementor-element elementor-element-61271c0c elementor-section-content-middle elementor-section-boxed elementor-section-height-default elementor-section-height-default\" data-id=\"61271c0c\" data-element_type=\"section\" data-e-type=\"section\">\n\t\t\t\t\t\t<div class=\"elementor-container elementor-column-gap-default\">\n\t\t\t\t\t<div class=\"elementor-column elementor-col-50 elementor-top-column elementor-element elementor-element-5d5f1db1\" data-id=\"5d5f1db1\" data-element_type=\"column\" data-e-type=\"column\">\n\t\t\t<div class=\"elementor-widget-wrap elementor-element-populated\">\n\t\t\t\t\t\t<div class=\"elementor-element elementor-element-2129a04d elementor-widget elementor-widget-heading\" data-id=\"2129a04d\" data-element_type=\"widget\" data-e-type=\"widget\" data-widget_type=\"heading.default\">\n\t\t\t\t<div class=\"elementor-widget-container\">\n\t\t\t\t\t<h3 class=\"elementor-heading-title elementor-size-large\"><a href=\"https:\/\/youtu.be\/javoGCIfeI8\">El S\u00edndrome del Padre Turista<\/a><\/h3>\t\t\t\t<\/div>\n\t\t\t\t<\/div>\n\t\t\t\t<div class=\"elementor-element elementor-element-29ba81bd elementor-widget elementor-widget-text-editor\" data-id=\"29ba81bd\" data-element_type=\"widget\" data-e-type=\"widget\" data-widget_type=\"text-editor.default\">\n\t\t\t\t<div class=\"elementor-widget-container\">\n\t\t\t\t\t\t\t\t\t<p>Ent\u00e9rate si sufres este S\u00edndrome \u00bfEres el sargento o el padre turista? \u00bfC\u00f3mo afecta a la vida emocional de tu hijo?<\/p>\t\t\t\t\t\t\t\t<\/div>\n\t\t\t\t<\/div>\n\t\t\t\t\t<\/div>\n\t\t<\/div>\n\t\t\t\t<div class=\"elementor-column elementor-col-50 elementor-top-column elementor-element elementor-element-f40f6d9\" data-id=\"f40f6d9\" data-element_type=\"column\" data-e-type=\"column\">\n\t\t\t<div class=\"elementor-widget-wrap elementor-element-populated\">\n\t\t\t\t\t\t<div class=\"elementor-element elementor-element-26bb9dfe elementor-widget elementor-widget-image\" data-id=\"26bb9dfe\" data-element_type=\"widget\" data-e-type=\"widget\" data-widget_type=\"image.default\">\n\t\t\t\t<div class=\"elementor-widget-container\">\n\t\t\t\t\t\t\t\t\t\t\t\t\t\t\t\t<a href=\"https:\/\/youtu.be\/javoGCIfeI8\">\n\t\t\t\t\t\t\t<img fetchpriority=\"high\" decoding=\"async\" width=\"1280\" height=\"720\" src=\"https:\/\/autoestimafacil.com\/wp-content\/uploads\/2019\/07\/S\u00cdNDROME-del-padre-turista.png\" class=\"attachment-full size-full wp-image-586\" alt=\"\" srcset=\"https:\/\/autoestimafacil.com\/wp-content\/uploads\/2019\/07\/S\u00cdNDROME-del-padre-turista.png 1280w, https:\/\/autoestimafacil.com\/wp-content\/uploads\/2019\/07\/S\u00cdNDROME-del-padre-turista-600x338.png 600w, https:\/\/autoestimafacil.com\/wp-content\/uploads\/2019\/07\/S\u00cdNDROME-del-padre-turista-300x169.png 300w, https:\/\/autoestimafacil.com\/wp-content\/uploads\/2019\/07\/S\u00cdNDROME-del-padre-turista-768x432.png 768w, https:\/\/autoestimafacil.com\/wp-content\/uploads\/2019\/07\/S\u00cdNDROME-del-padre-turista-1024x576.png 1024w\" sizes=\"(max-width: 1280px) 100vw, 1280px\" \/>\t\t\t\t\t\t\t\t<\/a>\n\t\t\t\t\t\t\t\t\t\t\t\t\t\t\t<\/div>\n\t\t\t\t<\/div>\n\t\t\t\t\t<\/div>\n\t\t<\/div>\n\t\t\t\t\t<\/div>\n\t\t<\/section>\n\t\t\t\t<section class=\"elementor-section elementor-top-section elementor-element elementor-element-bf1b2a2 elementor-section-content-middle elementor-reverse-mobile elementor-section-boxed elementor-section-height-default elementor-section-height-default\" data-id=\"bf1b2a2\" data-element_type=\"section\" data-e-type=\"section\">\n\t\t\t\t\t\t<div class=\"elementor-container elementor-column-gap-default\">\n\t\t\t\t\t<div class=\"elementor-column elementor-col-50 elementor-top-column elementor-element elementor-element-aa86960\" data-id=\"aa86960\" data-element_type=\"column\" data-e-type=\"column\">\n\t\t\t<div class=\"elementor-widget-wrap elementor-element-populated\">\n\t\t\t\t\t\t<div class=\"elementor-element elementor-element-33b9dbd8 elementor-widget elementor-widget-image\" data-id=\"33b9dbd8\" data-element_type=\"widget\" data-e-type=\"widget\" data-widget_type=\"image.default\">\n\t\t\t\t<div class=\"elementor-widget-container\">\n\t\t\t\t\t\t\t\t\t\t\t\t\t\t\t\t<a href=\"https:\/\/youtu.be\/lhkyIly5zFs\">\n\t\t\t\t\t\t\t<img decoding=\"async\" width=\"1280\" height=\"720\" src=\"https:\/\/autoestimafacil.com\/wp-content\/uploads\/2019\/07\/definici\u00f3n-de-un-hijo-por-jos\u00e9-saramago.png\" class=\"attachment-full size-full wp-image-583\" alt=\"\" srcset=\"https:\/\/autoestimafacil.com\/wp-content\/uploads\/2019\/07\/definici\u00f3n-de-un-hijo-por-jos\u00e9-saramago.png 1280w, https:\/\/autoestimafacil.com\/wp-content\/uploads\/2019\/07\/definici\u00f3n-de-un-hijo-por-jos\u00e9-saramago-600x338.png 600w, https:\/\/autoestimafacil.com\/wp-content\/uploads\/2019\/07\/definici\u00f3n-de-un-hijo-por-jos\u00e9-saramago-300x169.png 300w, https:\/\/autoestimafacil.com\/wp-content\/uploads\/2019\/07\/definici\u00f3n-de-un-hijo-por-jos\u00e9-saramago-768x432.png 768w, https:\/\/autoestimafacil.com\/wp-content\/uploads\/2019\/07\/definici\u00f3n-de-un-hijo-por-jos\u00e9-saramago-1024x576.png 1024w\" sizes=\"(max-width: 1280px) 100vw, 1280px\" \/>\t\t\t\t\t\t\t\t<\/a>\n\t\t\t\t\t\t\t\t\t\t\t\t\t\t\t<\/div>\n\t\t\t\t<\/div>\n\t\t\t\t\t<\/div>\n\t\t<\/div>\n\t\t\t\t<div class=\"elementor-column elementor-col-50 elementor-top-column elementor-element elementor-element-5208c836\" data-id=\"5208c836\" data-element_type=\"column\" data-e-type=\"column\">\n\t\t\t<div class=\"elementor-widget-wrap elementor-element-populated\">\n\t\t\t\t\t\t<div class=\"elementor-element elementor-element-30ea20e2 elementor-widget elementor-widget-heading\" data-id=\"30ea20e2\" data-element_type=\"widget\" data-e-type=\"widget\" data-widget_type=\"heading.default\">\n\t\t\t\t<div class=\"elementor-widget-container\">\n\t\t\t\t\t<h3 class=\"elementor-heading-title elementor-size-large\"><a href=\"https:\/\/youtu.be\/lhkyIly5zFs\">Definici\u00f3n de un Hijo<\/a><\/h3>\t\t\t\t<\/div>\n\t\t\t\t<\/div>\n\t\t\t\t<div class=\"elementor-element elementor-element-3e5e8713 elementor-widget elementor-widget-text-editor\" data-id=\"3e5e8713\" data-element_type=\"widget\" data-e-type=\"widget\" data-widget_type=\"text-editor.default\">\n\t\t\t\t<div class=\"elementor-widget-container\">\n\t\t\t\t\t\t\t\t\t<p>Un hermoso poema que movilizar\u00e1 tu amor parental positivo<\/p>\t\t\t\t\t\t\t\t<\/div>\n\t\t\t\t<\/div>\n\t\t\t\t\t<\/div>\n\t\t<\/div>\n\t\t\t\t\t<\/div>\n\t\t<\/section>\n\t\t\t\t<section class=\"elementor-section elementor-top-section elementor-element elementor-element-dd699b elementor-section-content-middle elementor-section-boxed elementor-section-height-default elementor-section-height-default\" data-id=\"dd699b\" data-element_type=\"section\" data-e-type=\"section\" data-settings=\"{&quot;background_background&quot;:&quot;classic&quot;}\">\n\t\t\t\t\t\t<div class=\"elementor-container elementor-column-gap-default\">\n\t\t\t\t\t<div class=\"elementor-column elementor-col-50 elementor-top-column elementor-element elementor-element-40d4ba07\" data-id=\"40d4ba07\" data-element_type=\"column\" data-e-type=\"column\">\n\t\t\t<div class=\"elementor-widget-wrap elementor-element-populated\">\n\t\t\t\t\t\t<div class=\"elementor-element elementor-element-5105c9c0 elementor-widget elementor-widget-heading\" data-id=\"5105c9c0\" data-element_type=\"widget\" data-e-type=\"widget\" data-widget_type=\"heading.default\">\n\t\t\t\t<div class=\"elementor-widget-container\">\n\t\t\t\t\t<h3 class=\"elementor-heading-title elementor-size-large\"><a href=\"https:\/\/youtu.be\/Ze55Bne6t7A\">El D\u00eda Estima<\/a><\/h3>\t\t\t\t<\/div>\n\t\t\t\t<\/div>\n\t\t\t\t<div class=\"elementor-element elementor-element-7c131447 elementor-widget elementor-widget-text-editor\" data-id=\"7c131447\" data-element_type=\"widget\" data-e-type=\"widget\" data-widget_type=\"text-editor.default\">\n\t\t\t\t<div class=\"elementor-widget-container\">\n\t\t\t\t\t\t\t\t\t<p>Haz este divertido reto y te sorprender\u00e1s qu\u00e9 dif\u00edcil conseguir a alguien que logre llegar al final.<\/p>\t\t\t\t\t\t\t\t<\/div>\n\t\t\t\t<\/div>\n\t\t\t\t\t<\/div>\n\t\t<\/div>\n\t\t\t\t<div class=\"elementor-column elementor-col-50 elementor-top-column elementor-element elementor-element-1ab906e5\" data-id=\"1ab906e5\" data-element_type=\"column\" data-e-type=\"column\">\n\t\t\t<div class=\"elementor-widget-wrap elementor-element-populated\">\n\t\t\t\t\t\t<div class=\"elementor-element elementor-element-68fb34cd elementor-widget elementor-widget-image\" data-id=\"68fb34cd\" data-element_type=\"widget\" data-e-type=\"widget\" data-widget_type=\"image.default\">\n\t\t\t\t<div class=\"elementor-widget-container\">\n\t\t\t\t\t\t\t\t\t\t\t\t\t\t\t\t<a href=\"https:\/\/youtu.be\/Ze55Bne6t7A\">\n\t\t\t\t\t\t\t<img decoding=\"async\" width=\"1280\" height=\"720\" src=\"https:\/\/autoestimafacil.com\/wp-content\/uploads\/2019\/07\/EL-D\u00cdA-ESTIMA.png\" class=\"attachment-full size-full wp-image-585\" alt=\"\" srcset=\"https:\/\/autoestimafacil.com\/wp-content\/uploads\/2019\/07\/EL-D\u00cdA-ESTIMA.png 1280w, https:\/\/autoestimafacil.com\/wp-content\/uploads\/2019\/07\/EL-D\u00cdA-ESTIMA-600x338.png 600w, https:\/\/autoestimafacil.com\/wp-content\/uploads\/2019\/07\/EL-D\u00cdA-ESTIMA-300x169.png 300w, https:\/\/autoestimafacil.com\/wp-content\/uploads\/2019\/07\/EL-D\u00cdA-ESTIMA-768x432.png 768w, https:\/\/autoestimafacil.com\/wp-content\/uploads\/2019\/07\/EL-D\u00cdA-ESTIMA-1024x576.png 1024w\" sizes=\"(max-width: 1280px) 100vw, 1280px\" \/>\t\t\t\t\t\t\t\t<\/a>\n\t\t\t\t\t\t\t\t\t\t\t\t\t\t\t<\/div>\n\t\t\t\t<\/div>\n\t\t\t\t\t<\/div>\n\t\t<\/div>\n\t\t\t\t\t<\/div>\n\t\t<\/section>\n\t\t\t\t<section class=\"elementor-section elementor-top-section elementor-element elementor-element-775fbce elementor-section-content-middle elementor-reverse-mobile elementor-section-boxed elementor-section-height-default elementor-section-height-default\" data-id=\"775fbce\" data-element_type=\"section\" data-e-type=\"section\">\n\t\t\t\t\t\t<div class=\"elementor-container elementor-column-gap-default\">\n\t\t\t\t\t<div class=\"elementor-column elementor-col-50 elementor-top-column elementor-element elementor-element-b5d2cdf\" data-id=\"b5d2cdf\" data-element_type=\"column\" data-e-type=\"column\">\n\t\t\t<div class=\"elementor-widget-wrap elementor-element-populated\">\n\t\t\t\t\t\t<div class=\"elementor-element elementor-element-d41df22 elementor-widget elementor-widget-image\" data-id=\"d41df22\" data-element_type=\"widget\" data-e-type=\"widget\" data-widget_type=\"image.default\">\n\t\t\t\t<div class=\"elementor-widget-container\">\n\t\t\t\t\t\t\t\t\t\t\t\t\t\t\t\t<a href=\"https:\/\/youtu.be\/nfXCIFF1IP4\">\n\t\t\t\t\t\t\t<img loading=\"lazy\" decoding=\"async\" width=\"1280\" height=\"720\" src=\"https:\/\/autoestimafacil.com\/wp-content\/uploads\/2019\/08\/Copia-de-definici\u00f3n-de-un-hijo-por-jos\u00e9-saramago.png\" class=\"attachment-full size-full wp-image-662\" alt=\"\" srcset=\"https:\/\/autoestimafacil.com\/wp-content\/uploads\/2019\/08\/Copia-de-definici\u00f3n-de-un-hijo-por-jos\u00e9-saramago.png 1280w, https:\/\/autoestimafacil.com\/wp-content\/uploads\/2019\/08\/Copia-de-definici\u00f3n-de-un-hijo-por-jos\u00e9-saramago-600x338.png 600w, https:\/\/autoestimafacil.com\/wp-content\/uploads\/2019\/08\/Copia-de-definici\u00f3n-de-un-hijo-por-jos\u00e9-saramago-300x169.png 300w, https:\/\/autoestimafacil.com\/wp-content\/uploads\/2019\/08\/Copia-de-definici\u00f3n-de-un-hijo-por-jos\u00e9-saramago-768x432.png 768w, https:\/\/autoestimafacil.com\/wp-content\/uploads\/2019\/08\/Copia-de-definici\u00f3n-de-un-hijo-por-jos\u00e9-saramago-1024x576.png 1024w\" sizes=\"(max-width: 1280px) 100vw, 1280px\" \/>\t\t\t\t\t\t\t\t<\/a>\n\t\t\t\t\t\t\t\t\t\t\t\t\t\t\t<\/div>\n\t\t\t\t<\/div>\n\t\t\t\t\t<\/div>\n\t\t<\/div>\n\t\t\t\t<div class=\"elementor-column elementor-col-50 elementor-top-column elementor-element elementor-element-fe4b033\" data-id=\"fe4b033\" data-element_type=\"column\" data-e-type=\"column\">\n\t\t\t<div class=\"elementor-widget-wrap elementor-element-populated\">\n\t\t\t\t\t\t<div class=\"elementor-element elementor-element-f5e02bb elementor-widget elementor-widget-heading\" data-id=\"f5e02bb\" data-element_type=\"widget\" data-e-type=\"widget\" data-widget_type=\"heading.default\">\n\t\t\t\t<div class=\"elementor-widget-container\">\n\t\t\t\t\t<h3 class=\"elementor-heading-title elementor-size-large\"><a href=\"https:\/\/youtu.be\/nfXCIFF1IP4\">\u00bfQU\u00c9 PAS\u00d3 EN BEING ONE 2016?<\/a><\/h3>\t\t\t\t<\/div>\n\t\t\t\t<\/div>\n\t\t\t\t<div class=\"elementor-element elementor-element-d4a3b1b elementor-widget elementor-widget-text-editor\" data-id=\"d4a3b1b\" data-element_type=\"widget\" data-e-type=\"widget\" data-widget_type=\"text-editor.default\">\n\t\t\t\t<div class=\"elementor-widget-container\">\n\t\t\t\t\t\t\t\t\t<p>\u00bfFu\u00e9 este sonado evento un fraude? \u00bfQu\u00e9 pas\u00f3 ese fin de semana en Madrid? \u00bfC\u00f3mo sacar provecho a circunstancias desfavorables?<\/p>\t\t\t\t\t\t\t\t<\/div>\n\t\t\t\t<\/div>\n\t\t\t\t\t<\/div>\n\t\t<\/div>\n\t\t\t\t\t<\/div>\n\t\t<\/section>\n\t\t\t\t<section class=\"elementor-section elementor-top-section elementor-element elementor-element-01e4ab4 elementor-section-content-middle elementor-section-boxed elementor-section-height-default elementor-section-height-default\" data-id=\"01e4ab4\" data-element_type=\"section\" data-e-type=\"section\">\n\t\t\t\t\t\t<div class=\"elementor-container elementor-column-gap-default\">\n\t\t\t\t\t<div class=\"elementor-column elementor-col-50 elementor-top-column elementor-element elementor-element-ddebca0\" data-id=\"ddebca0\" data-element_type=\"column\" data-e-type=\"column\">\n\t\t\t<div class=\"elementor-widget-wrap elementor-element-populated\">\n\t\t\t\t\t\t<div class=\"elementor-element elementor-element-6019017 elementor-widget elementor-widget-heading\" data-id=\"6019017\" data-element_type=\"widget\" data-e-type=\"widget\" data-widget_type=\"heading.default\">\n\t\t\t\t<div class=\"elementor-widget-container\">\n\t\t\t\t\t<h3 class=\"elementor-heading-title elementor-size-large\"><a href=\"https:\/\/youtu.be\/t5Xu7_vxG7c\">\u00bfQuieres saber lo que piensa mi perro? Filosof\u00eda Canina<\/a><\/h3>\t\t\t\t<\/div>\n\t\t\t\t<\/div>\n\t\t\t\t<div class=\"elementor-element elementor-element-3558611 elementor-widget elementor-widget-text-editor\" data-id=\"3558611\" data-element_type=\"widget\" data-e-type=\"widget\" data-widget_type=\"text-editor.default\">\n\t\t\t\t<div class=\"elementor-widget-container\">\n\t\t\t\t\t\t\t\t\t<p>Te impresionar\u00e1 descubrir todo lo que puede ense\u00f1arte mi perro.<\/p>\t\t\t\t\t\t\t\t<\/div>\n\t\t\t\t<\/div>\n\t\t\t\t\t<\/div>\n\t\t<\/div>\n\t\t\t\t<div class=\"elementor-column elementor-col-50 elementor-top-column elementor-element elementor-element-f4d94d4\" data-id=\"f4d94d4\" data-element_type=\"column\" data-e-type=\"column\">\n\t\t\t<div class=\"elementor-widget-wrap elementor-element-populated\">\n\t\t\t\t\t\t<div class=\"elementor-element elementor-element-3f2fbdf elementor-widget elementor-widget-image\" data-id=\"3f2fbdf\" data-element_type=\"widget\" data-e-type=\"widget\" data-widget_type=\"image.default\">\n\t\t\t\t<div class=\"elementor-widget-container\">\n\t\t\t\t\t\t\t\t\t\t\t\t\t\t\t\t<a href=\"https:\/\/youtu.be\/t5Xu7_vxG7c\">\n\t\t\t\t\t\t\t<img loading=\"lazy\" decoding=\"async\" width=\"1280\" height=\"720\" src=\"https:\/\/autoestimafacil.com\/wp-content\/uploads\/2019\/07\/FILOSOF\u00cdA-CANINA.-perfectlonglashes.png\" class=\"attachment-full size-full wp-image-615\" alt=\"\" srcset=\"https:\/\/autoestimafacil.com\/wp-content\/uploads\/2019\/07\/FILOSOF\u00cdA-CANINA.-perfectlonglashes.png 1280w, https:\/\/autoestimafacil.com\/wp-content\/uploads\/2019\/07\/FILOSOF\u00cdA-CANINA.-perfectlonglashes-600x338.png 600w, https:\/\/autoestimafacil.com\/wp-content\/uploads\/2019\/07\/FILOSOF\u00cdA-CANINA.-perfectlonglashes-300x169.png 300w, https:\/\/autoestimafacil.com\/wp-content\/uploads\/2019\/07\/FILOSOF\u00cdA-CANINA.-perfectlonglashes-768x432.png 768w, https:\/\/autoestimafacil.com\/wp-content\/uploads\/2019\/07\/FILOSOF\u00cdA-CANINA.-perfectlonglashes-1024x576.png 1024w\" sizes=\"(max-width: 1280px) 100vw, 1280px\" \/>\t\t\t\t\t\t\t\t<\/a>\n\t\t\t\t\t\t\t\t\t\t\t\t\t\t\t<\/div>\n\t\t\t\t<\/div>\n\t\t\t\t\t<\/div>\n\t\t<\/div>\n\t\t\t\t\t<\/div>\n\t\t<\/section>\n\t\t\t\t<section class=\"elementor-section elementor-top-section elementor-element elementor-element-728a1d1 elementor-section-content-middle elementor-reverse-mobile elementor-section-boxed elementor-section-height-default elementor-section-height-default\" data-id=\"728a1d1\" data-element_type=\"section\" data-e-type=\"section\">\n\t\t\t\t\t\t<div class=\"elementor-container elementor-column-gap-default\">\n\t\t\t\t\t<div class=\"elementor-column elementor-col-50 elementor-top-column elementor-element elementor-element-169e7db\" data-id=\"169e7db\" data-element_type=\"column\" data-e-type=\"column\">\n\t\t\t<div class=\"elementor-widget-wrap elementor-element-populated\">\n\t\t\t\t\t\t<div class=\"elementor-element elementor-element-f21ff92 elementor-widget elementor-widget-image\" data-id=\"f21ff92\" data-element_type=\"widget\" data-e-type=\"widget\" data-widget_type=\"image.default\">\n\t\t\t\t<div class=\"elementor-widget-container\">\n\t\t\t\t\t\t\t\t\t\t\t\t\t\t\t\t<a href=\"https:\/\/youtu.be\/7d9PlWx6idQ\">\n\t\t\t\t\t\t\t<img loading=\"lazy\" decoding=\"async\" width=\"640\" height=\"360\" src=\"https:\/\/autoestimafacil.com\/wp-content\/uploads\/2019\/07\/Copia-de-Confudiendo-1.png\" class=\"attachment-full size-full wp-image-620\" alt=\"\" srcset=\"https:\/\/autoestimafacil.com\/wp-content\/uploads\/2019\/07\/Copia-de-Confudiendo-1.png 640w, https:\/\/autoestimafacil.com\/wp-content\/uploads\/2019\/07\/Copia-de-Confudiendo-1-600x338.png 600w, https:\/\/autoestimafacil.com\/wp-content\/uploads\/2019\/07\/Copia-de-Confudiendo-1-300x169.png 300w\" sizes=\"(max-width: 640px) 100vw, 640px\" \/>\t\t\t\t\t\t\t\t<\/a>\n\t\t\t\t\t\t\t\t\t\t\t\t\t\t\t<\/div>\n\t\t\t\t<\/div>\n\t\t\t\t\t<\/div>\n\t\t<\/div>\n\t\t\t\t<div class=\"elementor-column elementor-col-50 elementor-top-column elementor-element elementor-element-71dccb2\" data-id=\"71dccb2\" data-element_type=\"column\" data-e-type=\"column\">\n\t\t\t<div class=\"elementor-widget-wrap elementor-element-populated\">\n\t\t\t\t\t\t<div class=\"elementor-element elementor-element-845f020 elementor-widget elementor-widget-heading\" data-id=\"845f020\" data-element_type=\"widget\" data-e-type=\"widget\" data-widget_type=\"heading.default\">\n\t\t\t\t<div class=\"elementor-widget-container\">\n\t\t\t\t\t<h3 class=\"elementor-heading-title elementor-size-large\"><a href=\"https:\/\/youtu.be\/7d9PlWx6idQ\">\u00bfQU\u00c9 PASa si confundes el objetivo con la estrategia?<\/a><\/h3>\t\t\t\t<\/div>\n\t\t\t\t<\/div>\n\t\t\t\t<div class=\"elementor-element elementor-element-81aa6ee elementor-widget elementor-widget-text-editor\" data-id=\"81aa6ee\" data-element_type=\"widget\" data-e-type=\"widget\" data-widget_type=\"text-editor.default\">\n\t\t\t\t<div class=\"elementor-widget-container\">\n\t\t\t\t\t\t\t\t\t<p>Mira como a veces nos perdemos y con solo identificar el objetivo y las estrategias, todo cambia<\/p>\t\t\t\t\t\t\t\t<\/div>\n\t\t\t\t<\/div>\n\t\t\t\t\t<\/div>\n\t\t<\/div>\n\t\t\t\t\t<\/div>\n\t\t<\/section>\n\t\t\t\t<\/div>\n\t\t","protected":false},"excerpt":{"rendered":"<p>Contenidos para aportar m\u00e1s valor a tu vida El S\u00edndrome del Padre Turista Ent\u00e9rate si sufres este S\u00edndrome \u00bfEres el sargento o el padre turista? \u00bfC\u00f3mo afecta a la vida emocional de tu hijo? Definici\u00f3n de un Hijo Un hermoso poema que movilizar\u00e1 tu amor parental positivo El D\u00eda Estima Haz este divertido reto y [&hellip;]<\/p>\n","protected":false},"author":1,"featured_media":0,"parent":0,"menu_order":0,"comment_status":"closed","ping_status":"closed","template":"","meta":{"footnotes":""},"class_list":["post-5","page","type-page","status-publish","hentry","entry","owp-thumbs-layout-horizontal","owp-btn-normal","owp-tabs-layout-horizontal","has-no-thumbnails","has-product-nav"],"_links":{"self":[{"href":"https:\/\/autoestimafacil.com\/index.php?rest_route=\/wp\/v2\/pages\/5","targetHints":{"allow":["GET"]}}],"collection":[{"href":"https:\/\/autoestimafacil.com\/index.php?rest_route=\/wp\/v2\/pages"}],"about":[{"href":"https:\/\/autoestimafacil.com\/index.php?rest_route=\/wp\/v2\/types\/page"}],"author":[{"embeddable":true,"href":"https:\/\/autoestimafacil.com\/index.php?rest_route=\/wp\/v2\/users\/1"}],"replies":[{"embeddable":true,"href":"https:\/\/autoestimafacil.com\/index.php?rest_route=%2Fwp%2Fv2%2Fcomments&post=5"}],"version-history":[{"count":20,"href":"https:\/\/autoestimafacil.com\/index.php?rest_route=\/wp\/v2\/pages\/5\/revisions"}],"predecessor-version":[{"id":1079,"href":"https:\/\/autoestimafacil.com\/index.php?rest_route=\/wp\/v2\/pages\/5\/revisions\/1079"}],"wp:attachment":[{"href":"https:\/\/autoestimafacil.com\/index.php?rest_route=%2Fwp%2Fv2%2Fmedia&parent=5"}],"curies":[{"name":"wp","href":"https:\/\/api.w.org\/{rel}","templated":true}]}}