{"id":2,"date":"2019-03-04T13:07:36","date_gmt":"2019-03-04T13:07:36","guid":{"rendered":"http:\/\/autoestimafacil.com\/?page_id=2"},"modified":"2020-09-08T16:51:58","modified_gmt":"2020-09-08T16:51:58","slug":"about","status":"publish","type":"page","link":"https:\/\/autoestimafacil.com\/","title":{"rendered":"Inicio"},"content":{"rendered":"\t\t<div data-elementor-type=\"wp-post\" data-elementor-id=\"2\" class=\"elementor elementor-2\">\n\t\t\t\t\t\t<section class=\"elementor-section elementor-top-section elementor-element elementor-element-4ea0d48d elementor-section-content-middle elementor-section-boxed elementor-section-height-default elementor-section-height-default\" data-id=\"4ea0d48d\" data-element_type=\"section\" data-e-type=\"section\">\n\t\t\t\t\t\t<div class=\"elementor-container elementor-column-gap-no\">\n\t\t\t\t\t<div class=\"elementor-column elementor-col-100 elementor-top-column elementor-element elementor-element-61a73d27\" data-id=\"61a73d27\" data-element_type=\"column\" data-e-type=\"column\">\n\t\t\t<div class=\"elementor-widget-wrap elementor-element-populated\">\n\t\t\t\t\t\t<div class=\"elementor-element elementor-element-6544e573 elementor-widget elementor-widget-heading\" data-id=\"6544e573\" data-element_type=\"widget\" data-e-type=\"widget\" data-widget_type=\"heading.default\">\n\t\t\t\t<div class=\"elementor-widget-container\">\n\t\t\t\t\t<h4 class=\"elementor-heading-title elementor-size-default\">Nuestros cursos Online especiales para ti<\/h4>\t\t\t\t<\/div>\n\t\t\t\t<\/div>\n\t\t\t\t<section class=\"elementor-section elementor-inner-section elementor-element elementor-element-4f16a26c elementor-section-content-middle elementor-section-boxed elementor-section-height-default elementor-section-height-default\" data-id=\"4f16a26c\" data-element_type=\"section\" data-e-type=\"section\">\n\t\t\t\t\t\t<div class=\"elementor-container elementor-column-gap-no\">\n\t\t\t\t\t<div class=\"elementor-column elementor-col-50 elementor-inner-column elementor-element elementor-element-6bdc48ae\" data-id=\"6bdc48ae\" data-element_type=\"column\" data-e-type=\"column\">\n\t\t\t<div class=\"elementor-widget-wrap elementor-element-populated\">\n\t\t\t\t\t\t<div class=\"elementor-element elementor-element-6e75a635 elementor-widget elementor-widget-image\" data-id=\"6e75a635\" data-element_type=\"widget\" data-e-type=\"widget\" data-widget_type=\"image.default\">\n\t\t\t\t<div class=\"elementor-widget-container\">\n\t\t\t\t\t\t\t\t\t\t\t\t\t\t\t<img fetchpriority=\"high\" decoding=\"async\" width=\"500\" height=\"500\" src=\"https:\/\/autoestimafacil.com\/wp-content\/uploads\/2019\/07\/2-3.png\" class=\"elementor-animation-buzz-out attachment-large size-large wp-image-377\" alt=\"\" srcset=\"https:\/\/autoestimafacil.com\/wp-content\/uploads\/2019\/07\/2-3.png 500w, https:\/\/autoestimafacil.com\/wp-content\/uploads\/2019\/07\/2-3-300x300.png 300w, https:\/\/autoestimafacil.com\/wp-content\/uploads\/2019\/07\/2-3-100x100.png 100w, https:\/\/autoestimafacil.com\/wp-content\/uploads\/2019\/07\/2-3-150x150.png 150w\" sizes=\"(max-width: 500px) 100vw, 500px\" \/>\t\t\t\t\t\t\t\t\t\t\t\t\t\t\t<\/div>\n\t\t\t\t<\/div>\n\t\t\t\t\t<\/div>\n\t\t<\/div>\n\t\t\t\t<div class=\"elementor-column elementor-col-50 elementor-inner-column elementor-element elementor-element-3a7414f\" data-id=\"3a7414f\" data-element_type=\"column\" data-e-type=\"column\">\n\t\t\t<div class=\"elementor-widget-wrap elementor-element-populated\">\n\t\t\t\t\t\t<div class=\"elementor-element elementor-element-639a07ca elementor-widget elementor-widget-heading\" data-id=\"639a07ca\" data-element_type=\"widget\" data-e-type=\"widget\" data-widget_type=\"heading.default\">\n\t\t\t\t<div class=\"elementor-widget-container\">\n\t\t\t\t\t<h1 class=\"elementor-heading-title elementor-size-default\">MEJORA EL A\u00d1O ESCOLAR DE TU HIJO EN SOLO 5 S\u00daPER CLASES<\/h1>\t\t\t\t<\/div>\n\t\t\t\t<\/div>\n\t\t\t\t<div class=\"elementor-element elementor-element-7e9e5b08 elementor-widget elementor-widget-text-editor\" data-id=\"7e9e5b08\" data-element_type=\"widget\" data-e-type=\"widget\" data-widget_type=\"text-editor.default\">\n\t\t\t\t<div class=\"elementor-widget-container\">\n\t\t\t\t\t\t\t\t\t<p>El taller te ofrece t\u00e9cnicas, ideas y herramientas sencillas de aplicar y poderosas de usar, para que ayudes a tu hijo a potenciar resultados escolares y ser m\u00e1s feliz. \u00bfQu\u00e9 es estudiar? \u00bfCu\u00e1les son los 3 pilares del \u00e9xito escolar? \u00bfQu\u00e9 es el \u00e9xito escolar? \u00bfC\u00f3mo aplicar inteligencia emocional con tu hijo? \u00bfQu\u00e9 es la Autoestima? \u00bfC\u00f3mo potenciarla en t\u00ed y tu hijo? Son algunos de los contenidos que te ofrece el curso.<\/p>\t\t\t\t\t\t\t\t<\/div>\n\t\t\t\t<\/div>\n\t\t\t\t\t<\/div>\n\t\t<\/div>\n\t\t\t\t\t<\/div>\n\t\t<\/section>\n\t\t\t\t<div class=\"elementor-element elementor-element-6249f70 elementor-button-info elementor-align-center elementor-widget elementor-widget-button\" data-id=\"6249f70\" data-element_type=\"widget\" data-e-type=\"widget\" data-widget_type=\"button.default\">\n\t\t\t\t<div class=\"elementor-widget-container\">\n\t\t\t\t\t\t\t\t\t<div class=\"elementor-button-wrapper\">\n\t\t\t\t\t<a class=\"elementor-button elementor-button-link elementor-size-sm elementor-animation-pulse\" href=\"https:\/\/www.lms.autoestimafacil.com\/mejora-el-ano-escolar-de-tu-hijo-en-solo-5-superclases\/\">\n\t\t\t\t\t\t<span class=\"elementor-button-content-wrapper\">\n\t\t\t\t\t\t\t\t\t<span class=\"elementor-button-text\">CLICA AQU\u00cd PARA VER M\u00c1S DE ESTE CURSO<\/span>\n\t\t\t\t\t<\/span>\n\t\t\t\t\t<\/a>\n\t\t\t\t<\/div>\n\t\t\t\t\t\t\t\t<\/div>\n\t\t\t\t<\/div>\n\t\t\t\t<div class=\"elementor-element elementor-element-bb5bd27 elementor-widget elementor-widget-spacer\" data-id=\"bb5bd27\" data-element_type=\"widget\" data-e-type=\"widget\" data-widget_type=\"spacer.default\">\n\t\t\t\t<div class=\"elementor-widget-container\">\n\t\t\t\t\t\t\t<div class=\"elementor-spacer\">\n\t\t\t<div class=\"elementor-spacer-inner\"><\/div>\n\t\t<\/div>\n\t\t\t\t\t\t<\/div>\n\t\t\t\t<\/div>\n\t\t\t\t<section class=\"elementor-section elementor-inner-section elementor-element elementor-element-498bdb3 elementor-section-content-middle elementor-reverse-mobile elementor-section-boxed elementor-section-height-default elementor-section-height-default\" data-id=\"498bdb3\" data-element_type=\"section\" data-e-type=\"section\">\n\t\t\t\t\t\t<div class=\"elementor-container elementor-column-gap-no\">\n\t\t\t\t\t<div class=\"elementor-column elementor-col-50 elementor-inner-column elementor-element elementor-element-34e7758\" data-id=\"34e7758\" data-element_type=\"column\" data-e-type=\"column\">\n\t\t\t<div class=\"elementor-widget-wrap elementor-element-populated\">\n\t\t\t\t\t\t<div class=\"elementor-element elementor-element-fe1f610 elementor-widget elementor-widget-heading\" data-id=\"fe1f610\" data-element_type=\"widget\" data-e-type=\"widget\" data-widget_type=\"heading.default\">\n\t\t\t\t<div class=\"elementor-widget-container\">\n\t\t\t\t\t<h1 class=\"elementor-heading-title elementor-size-default\"><a href=\"https:\/\/autoestimafacil.com\/?page_id=1043\">LA RUTA AL CORAZ\u00d3N<\/a><\/h1>\t\t\t\t<\/div>\n\t\t\t\t<\/div>\n\t\t\t\t<div class=\"elementor-element elementor-element-439b1b1 elementor-widget elementor-widget-text-editor\" data-id=\"439b1b1\" data-element_type=\"widget\" data-e-type=\"widget\" data-widget_type=\"text-editor.default\">\n\t\t\t\t<div class=\"elementor-widget-container\">\n\t\t\t\t\t\t\t\t\t<p>EL M\u00c9TODO DE CRECIMIENTO EMOCIONAL QUE US\u00d3 LA RATONCITA PRESUMIDA, PARA POTENCIAR SU AUTOESTIMA Y LLEGAR A SU PROPIO CORAZ\u00d3N.<\/p>\t\t\t\t\t\t\t\t<\/div>\n\t\t\t\t<\/div>\n\t\t\t\t<div class=\"elementor-element elementor-element-5aadedc elementor-widget elementor-widget-text-editor\" data-id=\"5aadedc\" data-element_type=\"widget\" data-e-type=\"widget\" data-widget_type=\"text-editor.default\">\n\t\t\t\t<div class=\"elementor-widget-container\">\n\t\t\t\t\t\t\t\t\t<p>En este taller aprender\u00e1s un m\u00e9todo de crecimiento emocional, basado en los elementos de la popular historia de la Ratoncita Presumida. Un m\u00e9todo sencillo y simple de entender, profundo y muy efectivo de usar. Lograr\u00e1s al igual que la Ratoncita Presumida, encontrar tu equilibrio emocional y la felicidad de estar viva.\u00a0<\/p>\t\t\t\t\t\t\t\t<\/div>\n\t\t\t\t<\/div>\n\t\t\t\t\t<\/div>\n\t\t<\/div>\n\t\t\t\t<div class=\"elementor-column elementor-col-50 elementor-inner-column elementor-element elementor-element-2cabf06\" data-id=\"2cabf06\" data-element_type=\"column\" data-e-type=\"column\">\n\t\t\t<div class=\"elementor-widget-wrap elementor-element-populated\">\n\t\t\t\t\t\t<div class=\"elementor-element elementor-element-1567b0c elementor-widget elementor-widget-image\" data-id=\"1567b0c\" data-element_type=\"widget\" data-e-type=\"widget\" data-widget_type=\"image.default\">\n\t\t\t\t<div class=\"elementor-widget-container\">\n\t\t\t\t\t\t\t\t\t\t\t\t\t\t\t\t<a href=\"https:\/\/autoestimafacil.com\/?page_id=1043\">\n\t\t\t\t\t\t\t<img decoding=\"async\" width=\"500\" height=\"500\" src=\"https:\/\/autoestimafacil.com\/wp-content\/uploads\/2019\/07\/1-3.png\" class=\"elementor-animation-pulse-grow attachment-large size-large wp-image-376\" alt=\"\" srcset=\"https:\/\/autoestimafacil.com\/wp-content\/uploads\/2019\/07\/1-3.png 500w, https:\/\/autoestimafacil.com\/wp-content\/uploads\/2019\/07\/1-3-300x300.png 300w, https:\/\/autoestimafacil.com\/wp-content\/uploads\/2019\/07\/1-3-100x100.png 100w, https:\/\/autoestimafacil.com\/wp-content\/uploads\/2019\/07\/1-3-150x150.png 150w\" sizes=\"(max-width: 500px) 100vw, 500px\" \/>\t\t\t\t\t\t\t\t<\/a>\n\t\t\t\t\t\t\t\t\t\t\t\t\t\t\t<\/div>\n\t\t\t\t<\/div>\n\t\t\t\t\t<\/div>\n\t\t<\/div>\n\t\t\t\t\t<\/div>\n\t\t<\/section>\n\t\t\t\t<div class=\"elementor-element elementor-element-c1a8537 elementor-button-info elementor-align-center elementor-widget elementor-widget-button\" data-id=\"c1a8537\" data-element_type=\"widget\" data-e-type=\"widget\" data-widget_type=\"button.default\">\n\t\t\t\t<div class=\"elementor-widget-container\">\n\t\t\t\t\t\t\t\t\t<div class=\"elementor-button-wrapper\">\n\t\t\t\t\t<a class=\"elementor-button elementor-button-link elementor-size-sm elementor-animation-pulse-grow\" href=\"https:\/\/autoestimafacil.com\/?page_id=1043\">\n\t\t\t\t\t\t<span class=\"elementor-button-content-wrapper\">\n\t\t\t\t\t\t\t\t\t<span class=\"elementor-button-text\">CLICA AQU\u00cd PARA VER M\u00c1S DE ESTE CURSO<\/span>\n\t\t\t\t\t<\/span>\n\t\t\t\t\t<\/a>\n\t\t\t\t<\/div>\n\t\t\t\t\t\t\t\t<\/div>\n\t\t\t\t<\/div>\n\t\t\t\t<div class=\"elementor-element elementor-element-b8c4df1 elementor-widget elementor-widget-spacer\" data-id=\"b8c4df1\" data-element_type=\"widget\" data-e-type=\"widget\" data-widget_type=\"spacer.default\">\n\t\t\t\t<div class=\"elementor-widget-container\">\n\t\t\t\t\t\t\t<div class=\"elementor-spacer\">\n\t\t\t<div class=\"elementor-spacer-inner\"><\/div>\n\t\t<\/div>\n\t\t\t\t\t\t<\/div>\n\t\t\t\t<\/div>\n\t\t\t\t<section class=\"elementor-section elementor-inner-section elementor-element elementor-element-1540f54 elementor-section-content-middle elementor-section-boxed elementor-section-height-default elementor-section-height-default\" data-id=\"1540f54\" data-element_type=\"section\" data-e-type=\"section\">\n\t\t\t\t\t\t<div class=\"elementor-container elementor-column-gap-no\">\n\t\t\t\t\t<div class=\"elementor-column elementor-col-50 elementor-inner-column elementor-element elementor-element-85bc349\" data-id=\"85bc349\" data-element_type=\"column\" data-e-type=\"column\">\n\t\t\t<div class=\"elementor-widget-wrap elementor-element-populated\">\n\t\t\t\t\t\t<div class=\"elementor-element elementor-element-4a4907b elementor-widget elementor-widget-image\" data-id=\"4a4907b\" data-element_type=\"widget\" data-e-type=\"widget\" data-widget_type=\"image.default\">\n\t\t\t\t<div class=\"elementor-widget-container\">\n\t\t\t\t\t\t\t\t\t\t\t\t\t\t\t\t<a href=\"https:\/\/autoestimafacil.com\/?page_id=1043\">\n\t\t\t\t\t\t\t<img decoding=\"async\" width=\"500\" height=\"500\" src=\"https:\/\/autoestimafacil.com\/wp-content\/uploads\/2019\/07\/3-3.png\" class=\"elementor-animation-pop attachment-large size-large wp-image-374\" alt=\"\" srcset=\"https:\/\/autoestimafacil.com\/wp-content\/uploads\/2019\/07\/3-3.png 500w, https:\/\/autoestimafacil.com\/wp-content\/uploads\/2019\/07\/3-3-300x300.png 300w, https:\/\/autoestimafacil.com\/wp-content\/uploads\/2019\/07\/3-3-100x100.png 100w, https:\/\/autoestimafacil.com\/wp-content\/uploads\/2019\/07\/3-3-150x150.png 150w\" sizes=\"(max-width: 500px) 100vw, 500px\" \/>\t\t\t\t\t\t\t\t<\/a>\n\t\t\t\t\t\t\t\t\t\t\t\t\t\t\t<\/div>\n\t\t\t\t<\/div>\n\t\t\t\t\t<\/div>\n\t\t<\/div>\n\t\t\t\t<div class=\"elementor-column elementor-col-50 elementor-inner-column elementor-element elementor-element-b46ffaf\" data-id=\"b46ffaf\" data-element_type=\"column\" data-e-type=\"column\">\n\t\t\t<div class=\"elementor-widget-wrap elementor-element-populated\">\n\t\t\t\t\t\t<div class=\"elementor-element elementor-element-ebf8422 elementor-widget elementor-widget-heading\" data-id=\"ebf8422\" data-element_type=\"widget\" data-e-type=\"widget\" data-widget_type=\"heading.default\">\n\t\t\t\t<div class=\"elementor-widget-container\">\n\t\t\t\t\t<h1 class=\"elementor-heading-title elementor-size-default\"><a href=\"https:\/\/autoestimafacil.com\/?page_id=1043\">LO SAGRADO EN TI<\/a><\/h1>\t\t\t\t<\/div>\n\t\t\t\t<\/div>\n\t\t\t\t<div class=\"elementor-element elementor-element-68097a6 elementor-widget elementor-widget-text-editor\" data-id=\"68097a6\" data-element_type=\"widget\" data-e-type=\"widget\" data-widget_type=\"text-editor.default\">\n\t\t\t\t<div class=\"elementor-widget-container\">\n\t\t\t\t\t\t\t\t\t<p>M\u00c9TODO DE CRECIMIENTO EMOCIONAL Y EXPANSI\u00d3N ESPIRITUAL URBANA.<\/p>\t\t\t\t\t\t\t\t<\/div>\n\t\t\t\t<\/div>\n\t\t\t\t<div class=\"elementor-element elementor-element-017158c elementor-widget elementor-widget-text-editor\" data-id=\"017158c\" data-element_type=\"widget\" data-e-type=\"widget\" data-widget_type=\"text-editor.default\">\n\t\t\t\t<div class=\"elementor-widget-container\">\n\t\t\t\t\t\t\t\t\t<p>Durante a\u00f1os, los seres humanos buscamos la forma de sentir y mantenernos en un estado de plenitud y bienestar emocional; este taller te brinda un m\u00e9todo simple, pero muy poderoso que te permitir\u00e1 resolver esa b\u00fasqueda, un modelo \u00fanico, especial, que adem\u00e1s te acercar\u00e1 a la espiritualidad sin religiones, para vivirla en tu cotidianidad urbana.<\/p>\t\t\t\t\t\t\t\t<\/div>\n\t\t\t\t<\/div>\n\t\t\t\t\t<\/div>\n\t\t<\/div>\n\t\t\t\t\t<\/div>\n\t\t<\/section>\n\t\t\t\t<div class=\"elementor-element elementor-element-efc0fef elementor-button-info elementor-align-center elementor-widget elementor-widget-button\" data-id=\"efc0fef\" data-element_type=\"widget\" data-e-type=\"widget\" data-widget_type=\"button.default\">\n\t\t\t\t<div class=\"elementor-widget-container\">\n\t\t\t\t\t\t\t\t\t<div class=\"elementor-button-wrapper\">\n\t\t\t\t\t<a class=\"elementor-button elementor-button-link elementor-size-sm elementor-animation-pop\" href=\"https:\/\/autoestimafacil.com\/?page_id=1043\">\n\t\t\t\t\t\t<span class=\"elementor-button-content-wrapper\">\n\t\t\t\t\t\t\t\t\t<span class=\"elementor-button-text\">CLICA AQU\u00cd PARA VER M\u00c1S DE ESTE CURSO<\/span>\n\t\t\t\t\t<\/span>\n\t\t\t\t\t<\/a>\n\t\t\t\t<\/div>\n\t\t\t\t\t\t\t\t<\/div>\n\t\t\t\t<\/div>\n\t\t\t\t<div class=\"elementor-element elementor-element-c47e408 elementor-widget elementor-widget-spacer\" data-id=\"c47e408\" data-element_type=\"widget\" data-e-type=\"widget\" data-widget_type=\"spacer.default\">\n\t\t\t\t<div class=\"elementor-widget-container\">\n\t\t\t\t\t\t\t<div class=\"elementor-spacer\">\n\t\t\t<div class=\"elementor-spacer-inner\"><\/div>\n\t\t<\/div>\n\t\t\t\t\t\t<\/div>\n\t\t\t\t<\/div>\n\t\t\t\t<section class=\"elementor-section elementor-inner-section elementor-element elementor-element-0a7678c elementor-section-content-middle elementor-reverse-mobile elementor-section-boxed elementor-section-height-default elementor-section-height-default\" data-id=\"0a7678c\" data-element_type=\"section\" data-e-type=\"section\">\n\t\t\t\t\t\t<div class=\"elementor-container elementor-column-gap-no\">\n\t\t\t\t\t<div class=\"elementor-column elementor-col-50 elementor-inner-column elementor-element elementor-element-ce54dc3\" data-id=\"ce54dc3\" data-element_type=\"column\" data-e-type=\"column\">\n\t\t\t<div class=\"elementor-widget-wrap elementor-element-populated\">\n\t\t\t\t\t\t<div class=\"elementor-element elementor-element-fa21a87 elementor-widget elementor-widget-heading\" data-id=\"fa21a87\" data-element_type=\"widget\" data-e-type=\"widget\" data-widget_type=\"heading.default\">\n\t\t\t\t<div class=\"elementor-widget-container\">\n\t\t\t\t\t<h1 class=\"elementor-heading-title elementor-size-default\"><a href=\"https:\/\/autoestimafacil.com\/?page_id=1043\">CAMINO DEL INMIGRANTE<\/a><\/h1>\t\t\t\t<\/div>\n\t\t\t\t<\/div>\n\t\t\t\t<div class=\"elementor-element elementor-element-0b48f87 elementor-widget elementor-widget-text-editor\" data-id=\"0b48f87\" data-element_type=\"widget\" data-e-type=\"widget\" data-widget_type=\"text-editor.default\">\n\t\t\t\t<div class=\"elementor-widget-container\">\n\t\t\t\t\t\t\t\t\t<p>EXPERIENCIAS DE UN INMIGRANTE QUE ALCANZ\u00d3 LA FELICIDAD,\u00a0 A PARTIR DE LA INTEGRACI\u00d3N SOCIAL Y EMOCIONAL.<\/p>\t\t\t\t\t\t\t\t<\/div>\n\t\t\t\t<\/div>\n\t\t\t\t<div class=\"elementor-element elementor-element-e59c222 elementor-widget elementor-widget-text-editor\" data-id=\"e59c222\" data-element_type=\"widget\" data-e-type=\"widget\" data-widget_type=\"text-editor.default\">\n\t\t\t\t<div class=\"elementor-widget-container\">\n\t\t\t\t\t\t\t\t\t<p>Este taller es un regalo de <em><strong>Julio Serna<\/strong><\/em> para todas las personas que deseen recibirlo. A partir de su experiencia de inmigrante (se traslada en julio del 2007 de Venezuela a Catalunya), <em><strong>Julio<\/strong> <strong>Serna<\/strong><\/em> comparte lo que hizo,\u00a0 para RE-CREAR su vida de manera arm\u00f3nica y exitosa en un pa\u00eds adoptivo.<\/p>\t\t\t\t\t\t\t\t<\/div>\n\t\t\t\t<\/div>\n\t\t\t\t\t<\/div>\n\t\t<\/div>\n\t\t\t\t<div class=\"elementor-column elementor-col-50 elementor-inner-column elementor-element elementor-element-8acf34c\" data-id=\"8acf34c\" data-element_type=\"column\" data-e-type=\"column\">\n\t\t\t<div class=\"elementor-widget-wrap elementor-element-populated\">\n\t\t\t\t\t\t<div class=\"elementor-element elementor-element-61c78e1 elementor-widget elementor-widget-image\" data-id=\"61c78e1\" data-element_type=\"widget\" data-e-type=\"widget\" data-widget_type=\"image.default\">\n\t\t\t\t<div class=\"elementor-widget-container\">\n\t\t\t\t\t\t\t\t\t\t\t\t\t\t\t\t<a href=\"https:\/\/autoestimafacil.com\/?page_id=1043\">\n\t\t\t\t\t\t\t<img loading=\"lazy\" decoding=\"async\" width=\"500\" height=\"500\" src=\"https:\/\/autoestimafacil.com\/wp-content\/uploads\/2019\/07\/4-2.png\" class=\"elementor-animation-grow-rotate attachment-large size-large wp-image-375\" alt=\"\" srcset=\"https:\/\/autoestimafacil.com\/wp-content\/uploads\/2019\/07\/4-2.png 500w, https:\/\/autoestimafacil.com\/wp-content\/uploads\/2019\/07\/4-2-300x300.png 300w, https:\/\/autoestimafacil.com\/wp-content\/uploads\/2019\/07\/4-2-100x100.png 100w, https:\/\/autoestimafacil.com\/wp-content\/uploads\/2019\/07\/4-2-150x150.png 150w\" sizes=\"(max-width: 500px) 100vw, 500px\" \/>\t\t\t\t\t\t\t\t<\/a>\n\t\t\t\t\t\t\t\t\t\t\t\t\t\t\t<\/div>\n\t\t\t\t<\/div>\n\t\t\t\t\t<\/div>\n\t\t<\/div>\n\t\t\t\t\t<\/div>\n\t\t<\/section>\n\t\t\t\t<div class=\"elementor-element elementor-element-d0b45d3 elementor-button-info elementor-align-center elementor-widget elementor-widget-button\" data-id=\"d0b45d3\" data-element_type=\"widget\" data-e-type=\"widget\" data-widget_type=\"button.default\">\n\t\t\t\t<div class=\"elementor-widget-container\">\n\t\t\t\t\t\t\t\t\t<div class=\"elementor-button-wrapper\">\n\t\t\t\t\t<a class=\"elementor-button elementor-button-link elementor-size-sm elementor-animation-pulse-grow\" href=\"https:\/\/autoestimafacil.com\/?page_id=1043\">\n\t\t\t\t\t\t<span class=\"elementor-button-content-wrapper\">\n\t\t\t\t\t\t\t\t\t<span class=\"elementor-button-text\">CLICA AQU\u00cd PARA VER M\u00c1S DE ESTE CURSO<\/span>\n\t\t\t\t\t<\/span>\n\t\t\t\t\t<\/a>\n\t\t\t\t<\/div>\n\t\t\t\t\t\t\t\t<\/div>\n\t\t\t\t<\/div>\n\t\t\t\t\t<\/div>\n\t\t<\/div>\n\t\t\t\t\t<\/div>\n\t\t<\/section>\n\t\t\t\t<\/div>\n\t\t","protected":false},"excerpt":{"rendered":"<p>Nuestros cursos Online especiales para ti MEJORA EL A\u00d1O ESCOLAR DE TU HIJO EN SOLO 5 S\u00daPER CLASES El taller te ofrece t\u00e9cnicas, ideas y herramientas sencillas de aplicar y poderosas de usar, para que ayudes a tu hijo a potenciar resultados escolares y ser m\u00e1s feliz. \u00bfQu\u00e9 es estudiar? \u00bfCu\u00e1les son los 3 pilares [&hellip;]<\/p>\n","protected":false},"author":1,"featured_media":0,"parent":0,"menu_order":0,"comment_status":"open","ping_status":"open","template":"","meta":{"footnotes":""},"class_list":["post-2","page","type-page","status-publish","hentry","entry","owp-thumbs-layout-horizontal","owp-btn-normal","owp-tabs-layout-horizontal","has-no-thumbnails","has-product-nav"],"_links":{"self":[{"href":"https:\/\/autoestimafacil.com\/index.php?rest_route=\/wp\/v2\/pages\/2","targetHints":{"allow":["GET"]}}],"collection":[{"href":"https:\/\/autoestimafacil.com\/index.php?rest_route=\/wp\/v2\/pages"}],"about":[{"href":"https:\/\/autoestimafacil.com\/index.php?rest_route=\/wp\/v2\/types\/page"}],"author":[{"embeddable":true,"href":"https:\/\/autoestimafacil.com\/index.php?rest_route=\/wp\/v2\/users\/1"}],"replies":[{"embeddable":true,"href":"https:\/\/autoestimafacil.com\/index.php?rest_route=%2Fwp%2Fv2%2Fcomments&post=2"}],"version-history":[{"count":90,"href":"https:\/\/autoestimafacil.com\/index.php?rest_route=\/wp\/v2\/pages\/2\/revisions"}],"predecessor-version":[{"id":1088,"href":"https:\/\/autoestimafacil.com\/index.php?rest_route=\/wp\/v2\/pages\/2\/revisions\/1088"}],"wp:attachment":[{"href":"https:\/\/autoestimafacil.com\/index.php?rest_route=%2Fwp%2Fv2%2Fmedia&parent=2"}],"curies":[{"name":"wp","href":"https:\/\/api.w.org\/{rel}","templated":true}]}}