{"id":1136,"date":"2020-11-12T10:17:07","date_gmt":"2020-11-12T10:17:07","guid":{"rendered":"https:\/\/autoestimafacil.com\/?page_id=1136"},"modified":"2020-11-16T10:36:17","modified_gmt":"2020-11-16T10:36:17","slug":"elementor-1136","status":"publish","type":"page","link":"https:\/\/autoestimafacil.com\/?page_id=1136","title":{"rendered":"Testimonios"},"content":{"rendered":"\t\t<div data-elementor-type=\"wp-page\" data-elementor-id=\"1136\" class=\"elementor elementor-1136\">\n\t\t\t\t\t\t<section class=\"elementor-section elementor-top-section elementor-element elementor-element-4e9e3ec5 elementor-section-boxed elementor-section-height-default elementor-section-height-default\" data-id=\"4e9e3ec5\" data-element_type=\"section\" data-e-type=\"section\">\n\t\t\t\t\t\t<div class=\"elementor-container elementor-column-gap-default\">\n\t\t\t\t\t<div class=\"elementor-column elementor-col-100 elementor-top-column elementor-element elementor-element-4a971354\" data-id=\"4a971354\" data-element_type=\"column\" data-e-type=\"column\">\n\t\t\t<div class=\"elementor-widget-wrap elementor-element-populated\">\n\t\t\t\t\t\t<div class=\"elementor-element elementor-element-35b9dbd8 elementor-widget elementor-widget-text-editor\" data-id=\"35b9dbd8\" data-element_type=\"widget\" data-e-type=\"widget\" data-widget_type=\"text-editor.default\">\n\t\t\t\t<div class=\"elementor-widget-container\">\n\t\t\t\t\t\t\t\t\t<p><\/p><p>TESTIMONIOS<\/p><p><\/p>\t\t\t\t\t\t\t\t<\/div>\n\t\t\t\t<\/div>\n\t\t\t\t\t<\/div>\n\t\t<\/div>\n\t\t\t\t\t<\/div>\n\t\t<\/section>\n\t\t\t\t<section class=\"elementor-section elementor-top-section elementor-element elementor-element-1187ea28 elementor-section-content-middle elementor-section-boxed elementor-section-height-default elementor-section-height-default\" data-id=\"1187ea28\" data-element_type=\"section\" data-e-type=\"section\">\n\t\t\t\t\t\t<div class=\"elementor-container elementor-column-gap-default\">\n\t\t\t\t\t<div class=\"elementor-column elementor-col-50 elementor-top-column elementor-element elementor-element-4860a29c\" data-id=\"4860a29c\" data-element_type=\"column\" data-e-type=\"column\">\n\t\t\t<div class=\"elementor-widget-wrap elementor-element-populated\">\n\t\t\t\t\t\t<div class=\"elementor-element elementor-element-69b96106 elementor-widget elementor-widget-heading\" data-id=\"69b96106\" data-element_type=\"widget\" data-e-type=\"widget\" data-widget_type=\"heading.default\">\n\t\t\t\t<div class=\"elementor-widget-container\">\n\t\t\t\t\t<h3 class=\"elementor-heading-title elementor-size-large\"><a href=\"https:\/\/youtu.be\/javoGCIfeI8\">gherden moreno<\/a><\/h3>\t\t\t\t<\/div>\n\t\t\t\t<\/div>\n\t\t\t\t<div class=\"elementor-element elementor-element-19106e6d elementor-widget elementor-widget-text-editor\" data-id=\"19106e6d\" data-element_type=\"widget\" data-e-type=\"widget\" data-widget_type=\"text-editor.default\">\n\t\t\t\t<div class=\"elementor-widget-container\">\n\t\t\t\t\t\t\t\t\t<p>Ghender, padre y profesional de la comunicaci\u00f3n. Buscador de contenidos educativos para su rol de padre, cuenta que \u00abMejorando el a\u00f1o escolar de mi hijo en solo 5 s\u00faperclases\u00bb le marc\u00f3 en positivo, encontrando\u00a0<b>una forma distinta\u00a0de aprender, f\u00e1cil de aplicar,\u00a0 muy completa porque abarca todas las \u00e1reas necesarias para un aprendizaje efectivo.<\/b><\/p>\t\t\t\t\t\t\t\t<\/div>\n\t\t\t\t<\/div>\n\t\t\t\t\t<\/div>\n\t\t<\/div>\n\t\t\t\t<div class=\"elementor-column elementor-col-50 elementor-top-column elementor-element elementor-element-480c1df7\" data-id=\"480c1df7\" data-element_type=\"column\" data-e-type=\"column\">\n\t\t\t<div class=\"elementor-widget-wrap elementor-element-populated\">\n\t\t\t\t\t\t<div class=\"elementor-element elementor-element-3402ee9 elementor-widget elementor-widget-image\" data-id=\"3402ee9\" data-element_type=\"widget\" data-e-type=\"widget\" data-widget_type=\"image.default\">\n\t\t\t\t<div class=\"elementor-widget-container\">\n\t\t\t\t\t\t\t\t\t\t\t\t<figure class=\"wp-caption\">\n\t\t\t\t\t\t\t\t\t\t\t<a href=\"https:\/\/youtu.be\/owmZ8ZNPpDg\">\n\t\t\t\t\t\t\t<img decoding=\"async\" src=\"https:\/\/autoestimafacil.com\/wp-content\/uploads\/2019\/11\/ghender-cortao-300x300.jpg\" title=\"ghender cortao\" alt=\"ghender cortao\" loading=\"lazy\" \/>\t\t\t\t\t\t\t\t<\/a>\n\t\t\t\t\t\t\t\t\t\t\t<figcaption class=\"widget-image-caption wp-caption-text\">Ghender, comunidor social y padre.  <\/figcaption>\n\t\t\t\t\t\t\t\t\t\t<\/figure>\n\t\t\t\t\t\t\t\t\t<\/div>\n\t\t\t\t<\/div>\n\t\t\t\t\t<\/div>\n\t\t<\/div>\n\t\t\t\t\t<\/div>\n\t\t<\/section>\n\t\t\t\t<section class=\"elementor-section elementor-top-section elementor-element elementor-element-28775ec4 elementor-section-content-middle elementor-reverse-mobile elementor-section-boxed elementor-section-height-default elementor-section-height-default\" data-id=\"28775ec4\" data-element_type=\"section\" data-e-type=\"section\">\n\t\t\t\t\t\t<div class=\"elementor-container elementor-column-gap-default\">\n\t\t\t\t\t<div class=\"elementor-column elementor-col-50 elementor-top-column elementor-element elementor-element-40ff65fc\" data-id=\"40ff65fc\" data-element_type=\"column\" data-e-type=\"column\">\n\t\t\t<div class=\"elementor-widget-wrap elementor-element-populated\">\n\t\t\t\t\t\t<div class=\"elementor-element elementor-element-58661bc elementor-widget elementor-widget-image\" data-id=\"58661bc\" data-element_type=\"widget\" data-e-type=\"widget\" data-widget_type=\"image.default\">\n\t\t\t\t<div class=\"elementor-widget-container\">\n\t\t\t\t\t\t\t\t\t\t\t\t<figure class=\"wp-caption\">\n\t\t\t\t\t\t\t\t\t\t\t<a href=\"https:\/\/youtu.be\/vmkMEfdBjQY\">\n\t\t\t\t\t\t\t<img decoding=\"async\" src=\"https:\/\/autoestimafacil.com\/wp-content\/uploads\/2019\/11\/luisana-corta.jpg\" title=\"luisana corta\" alt=\"luisana corta\" loading=\"lazy\" \/>\t\t\t\t\t\t\t\t<\/a>\n\t\t\t\t\t\t\t\t\t\t\t<figcaption class=\"widget-image-caption wp-caption-text\">Lusiana, madre de 2 adolescentes<\/figcaption>\n\t\t\t\t\t\t\t\t\t\t<\/figure>\n\t\t\t\t\t\t\t\t\t<\/div>\n\t\t\t\t<\/div>\n\t\t\t\t\t<\/div>\n\t\t<\/div>\n\t\t\t\t<div class=\"elementor-column elementor-col-50 elementor-top-column elementor-element elementor-element-55c8387\" data-id=\"55c8387\" data-element_type=\"column\" data-e-type=\"column\">\n\t\t\t<div class=\"elementor-widget-wrap elementor-element-populated\">\n\t\t\t\t\t\t<div class=\"elementor-element elementor-element-339d1bee elementor-widget elementor-widget-heading\" data-id=\"339d1bee\" data-element_type=\"widget\" data-e-type=\"widget\" data-widget_type=\"heading.default\">\n\t\t\t\t<div class=\"elementor-widget-container\">\n\t\t\t\t\t<h3 class=\"elementor-heading-title elementor-size-large\"><a href=\"https:\/\/youtu.be\/lhkyIly5zFs\">luisana bracamonte<\/a><\/h3>\t\t\t\t<\/div>\n\t\t\t\t<\/div>\n\t\t\t\t<div class=\"elementor-element elementor-element-35039b10 elementor-widget elementor-widget-text-editor\" data-id=\"35039b10\" data-element_type=\"widget\" data-e-type=\"widget\" data-widget_type=\"text-editor.default\">\n\t\t\t\t<div class=\"elementor-widget-container\">\n\t\t\t\t\t\t\t\t\t<p>Luisana es madre de 2 adolescentes, uno con\u00a0 TDAH, siendo \u00e9ste al que siempre ha tenido que dedicarle m\u00e1s ayuda para verlo salir adelante. Tom\u00f3 el curso con el prop\u00f3sito de poder ayudar m\u00e1s eficazmente a su hijo,\u00a0\u00a0<b>gracias al curso ha conseguido esa f\u00f3rmula de ayuda que le ha permitido sentir satisfecho su deseo de ayuda, sobre todo mejores resultados en las notas del hijo.<\/b><\/p>\t\t\t\t\t\t\t\t<\/div>\n\t\t\t\t<\/div>\n\t\t\t\t\t<\/div>\n\t\t<\/div>\n\t\t\t\t\t<\/div>\n\t\t<\/section>\n\t\t\t\t<section class=\"elementor-section elementor-top-section elementor-element elementor-element-5df93d2c elementor-section-content-middle elementor-section-boxed elementor-section-height-default elementor-section-height-default\" data-id=\"5df93d2c\" data-element_type=\"section\" data-e-type=\"section\" data-settings=\"{&quot;background_background&quot;:&quot;classic&quot;}\">\n\t\t\t\t\t\t<div class=\"elementor-container elementor-column-gap-default\">\n\t\t\t\t\t<div class=\"elementor-column elementor-col-50 elementor-top-column elementor-element elementor-element-3ac3b091\" data-id=\"3ac3b091\" data-element_type=\"column\" data-e-type=\"column\">\n\t\t\t<div class=\"elementor-widget-wrap elementor-element-populated\">\n\t\t\t\t\t\t<div class=\"elementor-element elementor-element-20b3029c elementor-widget elementor-widget-heading\" data-id=\"20b3029c\" data-element_type=\"widget\" data-e-type=\"widget\" data-widget_type=\"heading.default\">\n\t\t\t\t<div class=\"elementor-widget-container\">\n\t\t\t\t\t<h3 class=\"elementor-heading-title elementor-size-large\"><a href=\"https:\/\/youtu.be\/Ze55Bne6t7A\"><h3 data-elementor-setting-key=\"title\" data-pen-placeholder=\"Teclea aqu\u00ed...\" style=\"font-style: normal\"><font color=\"#ffcf6b\"><span style=\"font-size: 31px;font-weight: 300\">armando soto<\/span><\/font><span style=\"font-family: Bangers, sans-serif;font-size: 31px;font-weight: 300\"><\/span><\/h3><\/a><\/h3>\t\t\t\t<\/div>\n\t\t\t\t<\/div>\n\t\t\t\t<div class=\"elementor-element elementor-element-4ec58b9e elementor-widget elementor-widget-text-editor\" data-id=\"4ec58b9e\" data-element_type=\"widget\" data-e-type=\"widget\" data-widget_type=\"text-editor.default\">\n\t\t\t\t<div class=\"elementor-widget-container\">\n\t\t\t\t\t\t\t\t\t<p>Armando es psicopedagogo, psic\u00f3logo y te\u00f3logo, dedicado 100% al trabajo educativo y psicol\u00f3gico, tanto a trav\u00e9s de su despacho privado, como tambi\u00e9n en otros despachos y grupos a los que brinda sus servicios.\u00a0\u00a0<b>Con nuestro curso, Armando ha logrado enriquecer sus conocimientos y herramientas de trabajo, reconociendo que el curso cubri\u00f3 sus expectativas con creces.<\/b><\/p>\t\t\t\t\t\t\t\t<\/div>\n\t\t\t\t<\/div>\n\t\t\t\t\t<\/div>\n\t\t<\/div>\n\t\t\t\t<div class=\"elementor-column elementor-col-50 elementor-top-column elementor-element elementor-element-199e965e\" data-id=\"199e965e\" data-element_type=\"column\" data-e-type=\"column\">\n\t\t\t<div class=\"elementor-widget-wrap elementor-element-populated\">\n\t\t\t\t\t\t<div class=\"elementor-element elementor-element-24c07965 elementor-widget elementor-widget-image\" data-id=\"24c07965\" data-element_type=\"widget\" data-e-type=\"widget\" data-widget_type=\"image.default\">\n\t\t\t\t<div class=\"elementor-widget-container\">\n\t\t\t\t\t\t\t\t\t\t\t\t<figure class=\"wp-caption\">\n\t\t\t\t\t\t\t\t\t\t\t<a href=\"https:\/\/youtu.be\/hCTTOGwd8-w\">\n\t\t\t\t\t\t\t<img decoding=\"async\" src=\"https:\/\/autoestimafacil.com\/wp-content\/uploads\/2019\/11\/armando-cortao-300x300.jpg\" title=\"armando cortao\" alt=\"armando cortao\" loading=\"lazy\" \/>\t\t\t\t\t\t\t\t<\/a>\n\t\t\t\t\t\t\t\t\t\t\t<figcaption class=\"widget-image-caption wp-caption-text\">Armando, psicopedagogo y psic\u00f3logo <\/figcaption>\n\t\t\t\t\t\t\t\t\t\t<\/figure>\n\t\t\t\t\t\t\t\t\t<\/div>\n\t\t\t\t<\/div>\n\t\t\t\t\t<\/div>\n\t\t<\/div>\n\t\t\t\t\t<\/div>\n\t\t<\/section>\n\t\t\t\t<\/div>\n\t\t","protected":false},"excerpt":{"rendered":"<p>TESTIMONIOS gherden moreno Ghender, padre y profesional de la comunicaci\u00f3n. Buscador de contenidos educativos para su rol de padre, cuenta que \u00abMejorando el a\u00f1o escolar de mi hijo en solo 5 s\u00faperclases\u00bb le marc\u00f3 en positivo, encontrando&nbsp;una forma distinta&nbsp;de aprender, f\u00e1cil de aplicar,&nbsp; muy completa porque abarca todas las \u00e1reas necesarias para un aprendizaje efectivo. [&hellip;]<\/p>\n","protected":false},"author":1,"featured_media":0,"parent":0,"menu_order":0,"comment_status":"closed","ping_status":"closed","template":"","meta":{"footnotes":""},"class_list":["post-1136","page","type-page","status-publish","hentry","entry","owp-thumbs-layout-horizontal","owp-btn-normal","owp-tabs-layout-horizontal","has-no-thumbnails","has-product-nav"],"_links":{"self":[{"href":"https:\/\/autoestimafacil.com\/index.php?rest_route=\/wp\/v2\/pages\/1136","targetHints":{"allow":["GET"]}}],"collection":[{"href":"https:\/\/autoestimafacil.com\/index.php?rest_route=\/wp\/v2\/pages"}],"about":[{"href":"https:\/\/autoestimafacil.com\/index.php?rest_route=\/wp\/v2\/types\/page"}],"author":[{"embeddable":true,"href":"https:\/\/autoestimafacil.com\/index.php?rest_route=\/wp\/v2\/users\/1"}],"replies":[{"embeddable":true,"href":"https:\/\/autoestimafacil.com\/index.php?rest_route=%2Fwp%2Fv2%2Fcomments&post=1136"}],"version-history":[{"count":30,"href":"https:\/\/autoestimafacil.com\/index.php?rest_route=\/wp\/v2\/pages\/1136\/revisions"}],"predecessor-version":[{"id":1178,"href":"https:\/\/autoestimafacil.com\/index.php?rest_route=\/wp\/v2\/pages\/1136\/revisions\/1178"}],"wp:attachment":[{"href":"https:\/\/autoestimafacil.com\/index.php?rest_route=%2Fwp%2Fv2%2Fmedia&parent=1136"}],"curies":[{"name":"wp","href":"https:\/\/api.w.org\/{rel}","templated":true}]}}