{"id":1043,"date":"2019-12-22T20:05:59","date_gmt":"2019-12-22T20:05:59","guid":{"rendered":"https:\/\/autoestimafacil.com\/?page_id=1043"},"modified":"2019-12-22T20:06:21","modified_gmt":"2019-12-22T20:06:21","slug":"curso-en-construccion","status":"publish","type":"page","link":"https:\/\/autoestimafacil.com\/?page_id=1043","title":{"rendered":"Curso en construcci\u00f3n"},"content":{"rendered":"\t\t<div data-elementor-type=\"wp-page\" data-elementor-id=\"1043\" class=\"elementor elementor-1043\">\n\t\t\t\t\t\t<section class=\"elementor-section elementor-top-section elementor-element elementor-element-185e6d5e elementor-section-height-full elementor-section-content-middle elementor-section-items-top elementor-section-boxed elementor-section-height-default\" data-id=\"185e6d5e\" data-element_type=\"section\" data-e-type=\"section\" data-settings=\"{&quot;background_background&quot;:&quot;classic&quot;}\">\n\t\t\t\t\t\t<div class=\"elementor-container elementor-column-gap-default\">\n\t\t\t\t\t<div class=\"elementor-column elementor-col-100 elementor-top-column elementor-element elementor-element-9f9054\" data-id=\"9f9054\" data-element_type=\"column\" data-e-type=\"column\">\n\t\t\t<div class=\"elementor-widget-wrap elementor-element-populated\">\n\t\t\t\t\t\t<div class=\"elementor-element elementor-element-3519aeac elementor-widget elementor-widget-heading\" data-id=\"3519aeac\" data-element_type=\"widget\" data-e-type=\"widget\" data-widget_type=\"heading.default\">\n\t\t\t\t<div class=\"elementor-widget-container\">\n\t\t\t\t\t<h1 class=\"elementor-heading-title elementor-size-default\">ESTAMOS TRABAJANDO PARA TI<\/h1>\t\t\t\t<\/div>\n\t\t\t\t<\/div>\n\t\t\t\t<div class=\"elementor-element elementor-element-24390e6b elementor-widget elementor-widget-text-editor\" data-id=\"24390e6b\" data-element_type=\"widget\" data-e-type=\"widget\" data-widget_type=\"text-editor.default\">\n\t\t\t\t<div class=\"elementor-widget-container\">\n\t\t\t\t\t\t\t\t\t<p>Que bueno que est\u00e9s aqu\u00ed. Gracias por tu inter\u00e9s y tu paciencia. Me falta muy poco para terminar tu curso. \u00a1NOS VEMOS PRONTO!<\/p>\t\t\t\t\t\t\t\t<\/div>\n\t\t\t\t<\/div>\n\t\t\t\t<section class=\"elementor-section elementor-inner-section elementor-element elementor-element-f5fdf22 elementor-section-boxed elementor-section-height-default elementor-section-height-default\" data-id=\"f5fdf22\" data-element_type=\"section\" data-e-type=\"section\">\n\t\t\t\t\t\t<div class=\"elementor-container elementor-column-gap-default\">\n\t\t\t\t\t<div class=\"elementor-column elementor-col-100 elementor-inner-column elementor-element elementor-element-5bd64f7c\" data-id=\"5bd64f7c\" data-element_type=\"column\" data-e-type=\"column\" data-settings=\"{&quot;background_background&quot;:&quot;classic&quot;}\">\n\t\t\t<div class=\"elementor-widget-wrap elementor-element-populated\">\n\t\t\t\t\t\t<div class=\"elementor-element elementor-element-69af0d4c elementor-view-default elementor-position-block-start elementor-mobile-position-block-start elementor-widget elementor-widget-icon-box\" data-id=\"69af0d4c\" data-element_type=\"widget\" data-e-type=\"widget\" data-widget_type=\"icon-box.default\">\n\t\t\t\t<div class=\"elementor-widget-container\">\n\t\t\t\t\t\t\t<div class=\"elementor-icon-box-wrapper\">\n\n\t\t\t\t\t\t<div class=\"elementor-icon-box-icon\">\n\t\t\t\t<a href=\"https:\/\/juliosernaaquiyahora.activehosted.com\/f\/5\" class=\"elementor-icon\" tabindex=\"-1\" aria-label=\"\u00bfM\u00e1s informaci\u00f3n?: escr\u00edbeme a contacto@autoestimafacil.com&lt;br&gt;&lt;br&gt;\u00bfQuieres que te te avise cuando el curso ya est\u00e9 disponible? Has clic aqu\u00ed y llena los datos. \n\">\n\t\t\t\t<i aria-hidden=\"true\" class=\"fas fa-envelope-open\"><\/i>\t\t\t\t<\/a>\n\t\t\t<\/div>\n\t\t\t\n\t\t\t\t\t\t<div class=\"elementor-icon-box-content\">\n\n\t\t\t\t\t\t\t\t\t<h3 class=\"elementor-icon-box-title\">\n\t\t\t\t\t\t<a href=\"https:\/\/juliosernaaquiyahora.activehosted.com\/f\/5\" >\n\t\t\t\t\t\t\t\u00bfM\u00e1s informaci\u00f3n?: escr\u00edbeme a contacto@autoestimafacil.com<br><br>\u00bfQuieres que te te avise cuando el curso ya est\u00e9 disponible? Has clic aqu\u00ed y llena los datos. \n\t\t\t\t\t\t<\/a>\n\t\t\t\t\t<\/h3>\n\t\t\t\t\n\t\t\t\t\n\t\t\t<\/div>\n\t\t\t\n\t\t<\/div>\n\t\t\t\t\t\t<\/div>\n\t\t\t\t<\/div>\n\t\t\t\t\t<\/div>\n\t\t<\/div>\n\t\t\t\t\t<\/div>\n\t\t<\/section>\n\t\t\t\t\t<\/div>\n\t\t<\/div>\n\t\t\t\t\t<\/div>\n\t\t<\/section>\n\t\t\t\t<\/div>\n\t\t","protected":false},"excerpt":{"rendered":"<p>ESTAMOS TRABAJANDO PARA TI Que bueno que est\u00e9s aqu\u00ed. Gracias por tu inter\u00e9s y tu paciencia. Me falta muy poco para terminar tu curso. \u00a1NOS VEMOS PRONTO! \u00bfM\u00e1s informaci\u00f3n?: escr\u00edbeme a contacto@autoestimafacil.com \u00bfQuieres que te te avise cuando el curso ya est\u00e9 disponible? Has clic aqu\u00ed y llena los datos.<\/p>\n","protected":false},"author":1,"featured_media":0,"parent":0,"menu_order":0,"comment_status":"closed","ping_status":"closed","template":"","meta":{"footnotes":""},"class_list":["post-1043","page","type-page","status-publish","hentry","entry","owp-thumbs-layout-horizontal","owp-btn-normal","owp-tabs-layout-horizontal","has-no-thumbnails","has-product-nav"],"_links":{"self":[{"href":"https:\/\/autoestimafacil.com\/index.php?rest_route=\/wp\/v2\/pages\/1043","targetHints":{"allow":["GET"]}}],"collection":[{"href":"https:\/\/autoestimafacil.com\/index.php?rest_route=\/wp\/v2\/pages"}],"about":[{"href":"https:\/\/autoestimafacil.com\/index.php?rest_route=\/wp\/v2\/types\/page"}],"author":[{"embeddable":true,"href":"https:\/\/autoestimafacil.com\/index.php?rest_route=\/wp\/v2\/users\/1"}],"replies":[{"embeddable":true,"href":"https:\/\/autoestimafacil.com\/index.php?rest_route=%2Fwp%2Fv2%2Fcomments&post=1043"}],"version-history":[{"count":2,"href":"https:\/\/autoestimafacil.com\/index.php?rest_route=\/wp\/v2\/pages\/1043\/revisions"}],"predecessor-version":[{"id":1046,"href":"https:\/\/autoestimafacil.com\/index.php?rest_route=\/wp\/v2\/pages\/1043\/revisions\/1046"}],"wp:attachment":[{"href":"https:\/\/autoestimafacil.com\/index.php?rest_route=%2Fwp%2Fv2%2Fmedia&parent=1043"}],"curies":[{"name":"wp","href":"https:\/\/api.w.org\/{rel}","templated":true}]}}